{"id":4596,"date":"2019-01-03T20:20:12","date_gmt":"2019-01-03T19:20:12","guid":{"rendered":"https:\/\/indrastein.com\/art\/?page_id=4596"},"modified":"2024-07-25T15:38:11","modified_gmt":"2024-07-25T13:38:11","slug":"kurzy","status":"publish","type":"page","link":"https:\/\/indrastein.com\/art\/kurzy\/","title":{"rendered":"Kurzy"},"content":{"rendered":"<div><\/div><p>[vc_row][vc_column][vc_column_text]<\/p>\n<h1><strong><img loading=\"lazy\" decoding=\"async\" class=\"alignnone size-medium wp-image-4646\" src=\"https:\/\/indrastein.com\/art\/wp-content\/uploads\/2019\/01\/Foto-10-corsi-300x200.jpg\" alt=\"\" width=\"300\" height=\"200\" srcset=\"https:\/\/indrastein.com\/art\/wp-content\/uploads\/2019\/01\/Foto-10-corsi-300x200.jpg 300w, https:\/\/indrastein.com\/art\/wp-content\/uploads\/2019\/01\/Foto-10-corsi-768x512.jpg 768w, https:\/\/indrastein.com\/art\/wp-content\/uploads\/2019\/01\/Foto-10-corsi-1024x683.jpg 1024w, https:\/\/indrastein.com\/art\/wp-content\/uploads\/2019\/01\/Foto-10-corsi-1116x744.jpg 1116w, https:\/\/indrastein.com\/art\/wp-content\/uploads\/2019\/01\/Foto-10-corsi-806x537.jpg 806w, https:\/\/indrastein.com\/art\/wp-content\/uploads\/2019\/01\/Foto-10-corsi-558x372.jpg 558w, https:\/\/indrastein.com\/art\/wp-content\/uploads\/2019\/01\/Foto-10-corsi-655x437.jpg 655w, https:\/\/indrastein.com\/art\/wp-content\/uploads\/2019\/01\/Foto-10-corsi.jpg 1440w\" sizes=\"(max-width: 300px) 100vw, 300px\" \/>\u00a0\u00a0<img loading=\"lazy\" decoding=\"async\" class=\"alignnone size-medium wp-image-4645\" src=\"https:\/\/indrastein.com\/art\/wp-content\/uploads\/2019\/01\/Foto-9-corsi-300x200.jpg\" alt=\"\" width=\"300\" height=\"200\" srcset=\"https:\/\/indrastein.com\/art\/wp-content\/uploads\/2019\/01\/Foto-9-corsi-300x200.jpg 300w, https:\/\/indrastein.com\/art\/wp-content\/uploads\/2019\/01\/Foto-9-corsi-768x512.jpg 768w, https:\/\/indrastein.com\/art\/wp-content\/uploads\/2019\/01\/Foto-9-corsi-1024x683.jpg 1024w, https:\/\/indrastein.com\/art\/wp-content\/uploads\/2019\/01\/Foto-9-corsi-1612x1075.jpg 1612w, https:\/\/indrastein.com\/art\/wp-content\/uploads\/2019\/01\/Foto-9-corsi-1116x744.jpg 1116w, https:\/\/indrastein.com\/art\/wp-content\/uploads\/2019\/01\/Foto-9-corsi-806x537.jpg 806w, https:\/\/indrastein.com\/art\/wp-content\/uploads\/2019\/01\/Foto-9-corsi-558x372.jpg 558w, https:\/\/indrastein.com\/art\/wp-content\/uploads\/2019\/01\/Foto-9-corsi-655x437.jpg 655w\" sizes=\"(max-width: 300px) 100vw, 300px\" \/><\/strong><\/h1>\n<h1><strong>Tvorba \u0161perk\u016f z\u00a0otisk\u016f p\u0159\u00edrodnin<\/strong><\/h1>\n<p><strong>(jednodenn\u00ed kurz)<\/strong><\/p>\n<p><strong><em>Kurzy se mohou konat ka\u017ed\u00fd t\u00fdden, pokud budou aspo\u0148 3 z\u00e1jemci.<\/em><\/strong><\/p>\n<p>Na za\u010d\u00e1tku V\u00e1m vysv\u011btl\u00edme cel\u00fd proces lit\u00ed na ztracen\u00fd vosk.<\/p>\n<p>Budete odl\u00e9vat \u010d\u00e1sti p\u0159\u00edrodnin z vosku: r\u016fzn\u00e9 listy, otisky kamen\u016f, otisky d\u0159eva, atp. Vytvo\u0159\u00edte z\u00a0nich \u0161perk \u2013 bro\u017e, p\u0159\u00edv\u011b\u0161ek, n\u00e1u\u0161nice, prsten. Ud\u011bl\u00e1te l\u016f\u017eko na drah\u00fd k\u00e1men a vsad\u00edte ho do Va\u0161\u00ed kompozice \u0161perku. My artefakt odlijeme, vycizelujeme, osad\u00edme k\u00e1men a po\u0161leme na Va\u0161i adresu. Odl\u00e9v\u00e1n\u00ed m\u016f\u017eete b\u00fdt p\u0159\u00edtomni.<\/p>\n<p>Cena kurzu: 1.900,-K\u010d<\/p>\n<p>V\u00a0cen\u011b v\u00a0kurzu je jeden odlitek, vycizelov\u00e1n\u00ed a po\u0161tovn\u00e9.<\/p>\n<p>V\u00a0cen\u011b nen\u00ed drah\u00fd k\u00e1men 10-300,-K\u010d( m\u016f\u017eete si don\u00e9st i Va\u0161e kameny) a p\u0159\u00edpadn\u00e9 post\u0159\u00edb\u0159en\u00ed a pozlacen\u00ed Va\u0161ich \u0161perk\u016f.<\/p>\n<p><strong><img loading=\"lazy\" decoding=\"async\" class=\"alignnone size-medium wp-image-4644\" src=\"https:\/\/indrastein.com\/art\/wp-content\/uploads\/2019\/01\/Foto-8-corsi-300x200.jpg\" alt=\"\" width=\"300\" height=\"200\" srcset=\"https:\/\/indrastein.com\/art\/wp-content\/uploads\/2019\/01\/Foto-8-corsi-300x200.jpg 300w, https:\/\/indrastein.com\/art\/wp-content\/uploads\/2019\/01\/Foto-8-corsi-768x512.jpg 768w, https:\/\/indrastein.com\/art\/wp-content\/uploads\/2019\/01\/Foto-8-corsi-1024x683.jpg 1024w, https:\/\/indrastein.com\/art\/wp-content\/uploads\/2019\/01\/Foto-8-corsi-1116x744.jpg 1116w, https:\/\/indrastein.com\/art\/wp-content\/uploads\/2019\/01\/Foto-8-corsi-806x537.jpg 806w, https:\/\/indrastein.com\/art\/wp-content\/uploads\/2019\/01\/Foto-8-corsi-558x372.jpg 558w, https:\/\/indrastein.com\/art\/wp-content\/uploads\/2019\/01\/Foto-8-corsi-655x437.jpg 655w, https:\/\/indrastein.com\/art\/wp-content\/uploads\/2019\/01\/Foto-8-corsi.jpg 1440w\" sizes=\"(max-width: 300px) 100vw, 300px\" \/>\u00a0<img loading=\"lazy\" decoding=\"async\" class=\"alignnone size-medium wp-image-4643\" src=\"https:\/\/indrastein.com\/art\/wp-content\/uploads\/2019\/01\/Foto-7-corsi-300x200.jpg\" alt=\"\" width=\"300\" height=\"200\" srcset=\"https:\/\/indrastein.com\/art\/wp-content\/uploads\/2019\/01\/Foto-7-corsi-300x200.jpg 300w, https:\/\/indrastein.com\/art\/wp-content\/uploads\/2019\/01\/Foto-7-corsi-768x512.jpg 768w, https:\/\/indrastein.com\/art\/wp-content\/uploads\/2019\/01\/Foto-7-corsi-1024x683.jpg 1024w, https:\/\/indrastein.com\/art\/wp-content\/uploads\/2019\/01\/Foto-7-corsi-1116x744.jpg 1116w, https:\/\/indrastein.com\/art\/wp-content\/uploads\/2019\/01\/Foto-7-corsi-806x537.jpg 806w, https:\/\/indrastein.com\/art\/wp-content\/uploads\/2019\/01\/Foto-7-corsi-558x372.jpg 558w, https:\/\/indrastein.com\/art\/wp-content\/uploads\/2019\/01\/Foto-7-corsi-655x437.jpg 655w, https:\/\/indrastein.com\/art\/wp-content\/uploads\/2019\/01\/Foto-7-corsi.jpg 1440w\" sizes=\"(max-width: 300px) 100vw, 300px\" \/><\/strong><\/p>\n<p><strong>Kurz trv\u00e1 1 den (10-18 hod.)<\/strong><\/p>\n<p><strong>Minim\u00e1ln\u00ed \u00fa\u010dast: 3 osoby<\/strong><\/p>\n<p><strong>Maxim\u00e1ln\u00ed \u00fa\u010dast: 5 osob<\/strong><\/p>\n<p><strong>Lektor: Mgr. Jind\u0159ich Plotica Stein akad. soch.<\/strong><\/p>\n<p><strong>M\u00edsto kon\u00e1n\u00ed kurzu<\/strong><strong>: Ateli\u00e9r Jind\u0159ich Plotica Stein<\/strong><\/p>\n<p><strong>K\u00a0l\u00e1zink\u00e1m 64\/18 \u2013 Brno-Chrlice<\/strong><\/p>\n<h5 style=\"text-align: left;\">M\u011bstsk\u00e1 doprava:<\/h5>\n<h5 style=\"text-align: left;\">&#8211; tramvaj 12 + autobus 64 &#8211; Hlavn\u00ed n\u00e1dra\u017e\u00ed &#8211; Chrlick\u00e9 n\u00e1m\u011bst\u00ed<\/h5>\n<h5 style=\"text-align: left;\">&#8211; Vlak S2 &#8211; Hlavn\u00ed n\u00e1dra\u017e\u00ed &#8211; Chrlick\u00e9 n\u00e1dra\u017e\u00ed<\/h5>\n<h3><strong>Zp\u016fsob rezervace emailem: <\/strong><a href=\"mailto:indrastein@seznam.cz\"><strong>indrastein@seznam.cz<\/strong><\/a><\/h3>\n<p>_______________________________________<\/p>\n<h2>Design \u0161perk\u016f<\/h2>\n<p><img loading=\"lazy\" decoding=\"async\" class=\"size-medium wp-image-4638\" src=\"https:\/\/indrastein.com\/art\/wp-content\/uploads\/2019\/01\/foto-2-corsi-300x225.jpg\" alt=\"\" width=\"300\" height=\"225\" srcset=\"https:\/\/indrastein.com\/art\/wp-content\/uploads\/2019\/01\/foto-2-corsi-300x225.jpg 300w, https:\/\/indrastein.com\/art\/wp-content\/uploads\/2019\/01\/foto-2-corsi-768x576.jpg 768w, https:\/\/indrastein.com\/art\/wp-content\/uploads\/2019\/01\/foto-2-corsi-806x605.jpg 806w, https:\/\/indrastein.com\/art\/wp-content\/uploads\/2019\/01\/foto-2-corsi-558x419.jpg 558w, https:\/\/indrastein.com\/art\/wp-content\/uploads\/2019\/01\/foto-2-corsi-655x491.jpg 655w, https:\/\/indrastein.com\/art\/wp-content\/uploads\/2019\/01\/foto-2-corsi.jpg 960w\" sizes=\"(max-width: 300px) 100vw, 300px\" \/><\/p>\n<p><img loading=\"lazy\" decoding=\"async\" class=\"size-medium wp-image-4637\" src=\"https:\/\/indrastein.com\/art\/wp-content\/uploads\/2019\/01\/Foto-1-corsi-300x225.jpg\" alt=\"\" width=\"300\" height=\"225\" srcset=\"https:\/\/indrastein.com\/art\/wp-content\/uploads\/2019\/01\/Foto-1-corsi-300x225.jpg 300w, https:\/\/indrastein.com\/art\/wp-content\/uploads\/2019\/01\/Foto-1-corsi-768x576.jpg 768w, https:\/\/indrastein.com\/art\/wp-content\/uploads\/2019\/01\/Foto-1-corsi-806x605.jpg 806w, https:\/\/indrastein.com\/art\/wp-content\/uploads\/2019\/01\/Foto-1-corsi-558x419.jpg 558w, https:\/\/indrastein.com\/art\/wp-content\/uploads\/2019\/01\/Foto-1-corsi-655x491.jpg 655w, https:\/\/indrastein.com\/art\/wp-content\/uploads\/2019\/01\/Foto-1-corsi.jpg 960w\" sizes=\"(max-width: 300px) 100vw, 300px\" \/><\/p>\n<p><strong><em>Kurzy se mohou konat ka\u017ed\u00fd t\u00fdden, pokud budou aspo\u0148 3 z\u00e1jemci<\/em><\/strong><\/p>\n<p><strong>Po\u010det \u00fa\u010dastn\u00edk\u016f: min. 3, max. 5<\/strong><\/p>\n<p><strong>\u00a0<\/strong><strong><em>Lektor: Mgr. Jind\u0159ich Plotica, akademick\u00fd socha\u0159 a restaur\u00e1tor\u00a0<\/em><\/strong><\/p>\n<p><strong><em>\u00a0<\/em><\/strong>C\u00edlem kurzu je vytvo\u0159it 3 mal\u00e9 \u0161perky (nap\u0159. p\u0159\u00edv\u011b\u0161ek, n\u00e1u\u0161nice, prsten, n\u00e1ramek, bro\u017e) z\u00a0vosku a nau\u010dit se pracovat z\u00a0r\u016fzn\u00fdmi vosky, p\u0159ipravovat modely pro lit\u00ed na ztracen\u00fd vosk, vytv\u00e1\u0159et silikonov\u00e9 formy a odl\u00e9vat do\u00a0nich vosk a nakonec cizelovat odlitky.<\/p>\n<h5>1. den \u2013 pr\u00e1ce s\u00a0voskem (tvrd\u00fd vosk, polotvrd\u00fd vosk v\u00a0desti\u010dk\u00e1ch, modelovac\u00ed vosk), p\u0159\u00edprava artefaktu p\u0159\u00edmo z\u00a0vosku (p\u0159\u00edv\u011b\u0161ek, n\u00e1u\u0161nice, prsten), silikonov\u00e1 forma\/1. \u010d\u00e1st<\/h5>\n<h5>2. den \u2013 silikonov\u00e1 forma\/2. \u010d\u00e1st, v\u00fdb\u011br a \u00faprava artefakt\u016f, vysv\u011btlen\u00ed technologie lit\u00ed<\/h5>\n<h5>3. den \u2013 frekventanti kursu se mohou z\u00fa\u010dastnit lit\u00ed, kter\u00e9 prob\u011bhne do 14. dn\u016f. Podle domluvy nejm\u00e9n\u011b po 14. dnech bude sobota nebo ned\u011ble v\u011bnovan\u00e1 cizelov\u00e1n\u00ed a dokon\u010den\u00ed artefakt\u016f (le\u0161t\u011bn\u00ed, patinov\u00e1n\u00ed, osazov\u00e1n\u00ed kamen\u016f apod.)<\/h5>\n<h5>Cena kurzu je 4.000,-K\u010d,<\/h5>\n<h5>v\u010detn\u011b sobotn\u00edho ob\u011bda \u2013 mal\u00e1 italsk\u00e1 specialita s\u00a0vysv\u011btlen\u00edm p\u0159\u00edpravy j\u00eddla<\/h5>\n<h5>V\u00a0cen\u011b nejsou zahrnuty drah\u00e9 kameny a p\u0159\u00edpadn\u011b zlacen\u00ed a st\u0159\u00edb\u0159en\u00ed.<\/h5>\n<p><img loading=\"lazy\" decoding=\"async\" class=\"size-medium wp-image-4639\" src=\"https:\/\/indrastein.com\/art\/wp-content\/uploads\/2019\/01\/Foto-3-corsi-300x225.jpg\" alt=\"\" width=\"300\" height=\"225\" srcset=\"https:\/\/indrastein.com\/art\/wp-content\/uploads\/2019\/01\/Foto-3-corsi-300x225.jpg 300w, https:\/\/indrastein.com\/art\/wp-content\/uploads\/2019\/01\/Foto-3-corsi-768x576.jpg 768w, https:\/\/indrastein.com\/art\/wp-content\/uploads\/2019\/01\/Foto-3-corsi-1024x768.jpg 1024w, https:\/\/indrastein.com\/art\/wp-content\/uploads\/2019\/01\/Foto-3-corsi-1116x837.jpg 1116w, https:\/\/indrastein.com\/art\/wp-content\/uploads\/2019\/01\/Foto-3-corsi-806x605.jpg 806w, https:\/\/indrastein.com\/art\/wp-content\/uploads\/2019\/01\/Foto-3-corsi-558x419.jpg 558w, https:\/\/indrastein.com\/art\/wp-content\/uploads\/2019\/01\/Foto-3-corsi-655x491.jpg 655w, https:\/\/indrastein.com\/art\/wp-content\/uploads\/2019\/01\/Foto-3-corsi.jpg 1280w\" sizes=\"(max-width: 300px) 100vw, 300px\" \/><\/p>\n<p><img loading=\"lazy\" decoding=\"async\" class=\"size-medium wp-image-4641\" src=\"https:\/\/indrastein.com\/art\/wp-content\/uploads\/2019\/01\/Foto-5-corsi-225x300.jpg\" alt=\"\" width=\"225\" height=\"300\" srcset=\"https:\/\/indrastein.com\/art\/wp-content\/uploads\/2019\/01\/Foto-5-corsi-225x300.jpg 225w, https:\/\/indrastein.com\/art\/wp-content\/uploads\/2019\/01\/Foto-5-corsi-768x1024.jpg 768w, https:\/\/indrastein.com\/art\/wp-content\/uploads\/2019\/01\/Foto-5-corsi-806x1075.jpg 806w, https:\/\/indrastein.com\/art\/wp-content\/uploads\/2019\/01\/Foto-5-corsi-558x744.jpg 558w, https:\/\/indrastein.com\/art\/wp-content\/uploads\/2019\/01\/Foto-5-corsi-655x873.jpg 655w, https:\/\/indrastein.com\/art\/wp-content\/uploads\/2019\/01\/Foto-5-corsi.jpg 960w\" sizes=\"(max-width: 225px) 100vw, 225px\" \/><\/p>\n<h5><strong>M\u00edsto kon\u00e1n\u00ed kurzu<\/strong><strong>: Ateli\u00e9r Jind\u0159ich Plotica Stein<\/strong><\/h5>\n<h5><strong>Pod hejdou 64\/2a \u2013 Brno-Chrlice<\/strong><\/h5>\n<h5 style=\"text-align: left;\"><\/h5>\n<h3>Zp\u016fsob rezervace emailem: <a href=\"mailto:indrastein@seznam.cz\">indrastein@seznam.cz<\/a><\/h3>\n<p>&nbsp;<\/p>\n<p>&nbsp;[\/vc_column_text][\/vc_column][\/vc_row]<\/p>\n","protected":false},"excerpt":{"rendered":"<p>[vc_row][vc_column][vc_column_text] \u00a0\u00a0 Tvorba \u0161perk\u016f z\u00a0otisk\u016f p\u0159\u00edrodnin (jednodenn\u00ed kurz) Kurzy se mohou konat ka\u017ed\u00fd t\u00fdden, pokud budou aspo\u0148 3 z\u00e1jemci. Na za\u010d\u00e1tku V\u00e1m vysv\u011btl\u00edme cel\u00fd proces lit\u00ed na ztracen\u00fd vosk. Budete odl\u00e9vat \u010d\u00e1sti p\u0159\u00edrodnin z vosku: r\u016fzn\u00e9 listy, otisky kamen\u016f, otisky d\u0159eva, atp. Vytvo\u0159\u00edte z\u00a0nich \u0161perk \u2013 bro\u017e, p\u0159\u00edv\u011b\u0161ek, n\u00e1u\u0161nice, prsten. Ud\u011bl\u00e1te l\u016f\u017eko na drah\u00fd k\u00e1men&hellip;<\/p>\n","protected":false},"author":2,"featured_media":4640,"parent":0,"menu_order":0,"comment_status":"closed","ping_status":"closed","template":"","meta":{"_acf_changed":false,"footnotes":""},"acf":[],"_links":{"self":[{"href":"https:\/\/indrastein.com\/art\/wp-json\/wp\/v2\/pages\/4596"}],"collection":[{"href":"https:\/\/indrastein.com\/art\/wp-json\/wp\/v2\/pages"}],"about":[{"href":"https:\/\/indrastein.com\/art\/wp-json\/wp\/v2\/types\/page"}],"author":[{"embeddable":true,"href":"https:\/\/indrastein.com\/art\/wp-json\/wp\/v2\/users\/2"}],"replies":[{"embeddable":true,"href":"https:\/\/indrastein.com\/art\/wp-json\/wp\/v2\/comments?post=4596"}],"version-history":[{"count":10,"href":"https:\/\/indrastein.com\/art\/wp-json\/wp\/v2\/pages\/4596\/revisions"}],"predecessor-version":[{"id":4825,"href":"https:\/\/indrastein.com\/art\/wp-json\/wp\/v2\/pages\/4596\/revisions\/4825"}],"wp:featuredmedia":[{"embeddable":true,"href":"https:\/\/indrastein.com\/art\/wp-json\/wp\/v2\/media\/4640"}],"wp:attachment":[{"href":"https:\/\/indrastein.com\/art\/wp-json\/wp\/v2\/media?parent=4596"}],"curies":[{"name":"wp","href":"https:\/\/api.w.org\/{rel}","templated":true}]}}